{"id":59,"date":"2024-06-10T19:34:32","date_gmt":"2024-06-10T19:34:32","guid":{"rendered":"https:\/\/marcos-kitchen.ch\/?page_id=59"},"modified":"2025-08-14T10:46:38","modified_gmt":"2025-08-14T10:46:38","slug":"willkommen","status":"publish","type":"page","link":"https:\/\/marcos-kitchen.ch\/","title":{"rendered":"Willkommen"},"content":{"rendered":"\n<p>Wir stehen f\u00fcr qualitativ hochwertige Gastronomie im Fricktal. Unsere motivierten Fahrerinnen und Fahrer liefern Ihnen Ihre Lieblingsspeise frisch und immer sch\u00f6n heiss direkt bis vor die Haust\u00fcr!<\/p>\n\n\n\n<div class=\"wp-block-group is-nowrap is-layout-flex wp-container-core-group-is-layout-6c531013 wp-block-group-is-layout-flex\">\n<p>Wann d\u00fcrfen wir Sie verw\u00f6hnen?<br><\/p>\n<\/div>\n\n\n\n<div style=\"height:10px\" aria-hidden=\"true\" class=\"wp-block-spacer\"><\/div>\n\n\n\n<figure class=\"wp-block-image size-large\"><img loading=\"lazy\" decoding=\"async\" width=\"1024\" height=\"536\" src=\"https:\/\/marcos-kitchen.ch\/wp-content\/uploads\/2024\/06\/Burger-with-fries-1024x536.png\" alt=\"\" class=\"wp-image-108\" srcset=\"https:\/\/marcos-kitchen.ch\/wp-content\/uploads\/2024\/06\/Burger-with-fries-1024x536.png 1024w, https:\/\/marcos-kitchen.ch\/wp-content\/uploads\/2024\/06\/Burger-with-fries-300x157.png 300w, https:\/\/marcos-kitchen.ch\/wp-content\/uploads\/2024\/06\/Burger-with-fries-768x402.png 768w, https:\/\/marcos-kitchen.ch\/wp-content\/uploads\/2024\/06\/Burger-with-fries.png 1200w\" sizes=\"auto, (max-width: 1024px) 100vw, 1024px\" \/><\/figure>\n\n\n\n<div style=\"height:10px\" aria-hidden=\"true\" class=\"wp-block-spacer\"><\/div>\n\n\n\n<hr class=\"wp-block-separator has-alpha-channel-opacity is-style-wide\"\/>\n\n\n\n<div style=\"height:10px\" aria-hidden=\"true\" class=\"wp-block-spacer\"><\/div>\n\n\n\n<div class=\"wp-block-columns is-layout-flex wp-container-core-columns-is-layout-28f84493 wp-block-columns-is-layout-flex\">\n<div class=\"wp-block-column is-layout-flow wp-block-column-is-layout-flow\">\n<figure class=\"wp-block-image aligncenter size-full is-resized\"><img loading=\"lazy\" decoding=\"async\" width=\"500\" height=\"391\" src=\"https:\/\/marcos-kitchen.ch\/wp-content\/uploads\/2024\/06\/LogoMarcosDelivery-mittig.png\" alt=\"\" class=\"wp-image-65\" style=\"width:317px;height:auto\" srcset=\"https:\/\/marcos-kitchen.ch\/wp-content\/uploads\/2024\/06\/LogoMarcosDelivery-mittig.png 500w, https:\/\/marcos-kitchen.ch\/wp-content\/uploads\/2024\/06\/LogoMarcosDelivery-mittig-300x235.png 300w\" sizes=\"auto, (max-width: 500px) 100vw, 500px\" \/><\/figure>\n\n\n\n<div class=\"wp-block-columns is-layout-flex wp-container-core-columns-is-layout-28f84493 wp-block-columns-is-layout-flex\">\n<div class=\"wp-block-column is-layout-flow wp-block-column-is-layout-flow\">\n<p class=\"has-text-align-center\"><strong>Marco`s Delivery<\/strong><br>Hauptstrasse 26<br>5028 Ueken<\/p>\n\n\n\n<p class=\"has-text-align-center\">Tel: 062 871 48 21<\/p>\n\n\n\n<p class=\"has-text-align-center\"><a href=\"https:\/\/www.schnell-aber-guet.ch\/ordering\/restaurant\/menu?restaurant_uid=caac5eef-bea7-44a7-90dc-79879d9d5723\" target=\"_blank\" rel=\"noreferrer noopener\">Jetzt bestellen<\/a><\/p>\n<\/div>\n<\/div>\n<\/div>\n\n\n\n<div class=\"wp-block-column is-layout-flow wp-block-column-is-layout-flow\">\n<figure class=\"wp-block-image aligncenter size-full is-resized\"><a href=\"https:\/\/schnellaberguet.ch\/crazybuns\/\"><img loading=\"lazy\" decoding=\"async\" width=\"933\" height=\"873\" src=\"https:\/\/marcos-kitchen.ch\/wp-content\/uploads\/2024\/06\/CB_Logo_Big.png\" alt=\"\" class=\"wp-image-121\" style=\"width:261px;height:auto\" srcset=\"https:\/\/marcos-kitchen.ch\/wp-content\/uploads\/2024\/06\/CB_Logo_Big.png 933w, https:\/\/marcos-kitchen.ch\/wp-content\/uploads\/2024\/06\/CB_Logo_Big-300x281.png 300w, https:\/\/marcos-kitchen.ch\/wp-content\/uploads\/2024\/06\/CB_Logo_Big-768x719.png 768w\" sizes=\"auto, (max-width: 933px) 100vw, 933px\" \/><\/a><\/figure>\n\n\n\n<p class=\"has-text-align-center\"><strong>Crazy Buns<\/strong><br>Hauptstrasse 26<br>5028 Ueken<\/p>\n\n\n\n<p class=\"has-text-align-center\">Tel: 062 871 48 21<\/p>\n\n\n\n<p class=\"has-text-align-center\"><a href=\"https:\/\/www.schnell-aber-guet.ch\/ordering\/restaurant\/menu?restaurant_uid=7d2d3f39-cc5f-4448-b999-bffefa814059\" target=\"_blank\" rel=\"noreferrer noopener\">Jetzt bestellen<\/a><\/p>\n<\/div>\n\n\n\n<div class=\"wp-block-column is-layout-flow wp-block-column-is-layout-flow\">\n<figure class=\"wp-block-image size-full is-resized\"><img loading=\"lazy\" decoding=\"async\" width=\"500\" height=\"391\" src=\"https:\/\/marcos-kitchen.ch\/wp-content\/uploads\/2024\/06\/LogoPizzagirl-2.png\" alt=\"\" class=\"wp-image-89\" style=\"width:317px\" srcset=\"https:\/\/marcos-kitchen.ch\/wp-content\/uploads\/2024\/06\/LogoPizzagirl-2.png 500w, https:\/\/marcos-kitchen.ch\/wp-content\/uploads\/2024\/06\/LogoPizzagirl-2-300x235.png 300w\" sizes=\"auto, (max-width: 500px) 100vw, 500px\" \/><\/figure>\n\n\n\n<div class=\"wp-block-columns is-layout-flex wp-container-core-columns-is-layout-28f84493 wp-block-columns-is-layout-flex\">\n<div class=\"wp-block-column is-layout-flow wp-block-column-is-layout-flow\">\n<p class=\"has-text-align-center\"><strong>Pizza Girl<\/strong><br>Hauptstrasse 26<br>5028 Ueken<\/p>\n\n\n\n<p class=\"has-text-align-center\">Tel: 062 871 48 21<\/p>\n\n\n\n<p class=\"has-text-align-center\">Coming soon&#8230;<\/p>\n<\/div>\n<\/div>\n<\/div>\n<\/div>\n\n\n\n<div style=\"height:10px\" aria-hidden=\"true\" class=\"wp-block-spacer\"><\/div>\n\n\n\n<hr class=\"wp-block-separator has-alpha-channel-opacity is-style-wide\"\/>\n\n\n\n<div style=\"height:10px\" aria-hidden=\"true\" class=\"wp-block-spacer\"><\/div>\n\n\n\n<p><strong>Sind Sie auf der Suche nach einer neuen Herausforderung?<br><\/strong>Hier finden Sie all unsere Stelleninserate:<\/p>\n\n\n\n<p><a href=\"https:\/\/marcos-kitchen.ch\/wp-content\/uploads\/2024\/06\/Stelleninserat-Koch-Nacht.pdf\" target=\"_blank\" rel=\"noreferrer noopener\">Alleinkoch (Nacht)<\/a><br><a href=\"https:\/\/marcos-kitchen.ch\/wp-content\/uploads\/2024\/06\/Stelleninserat-Kurier-Nacht.pdf\" target=\"_blank\" rel=\"noreferrer noopener\">Kurier (Nacht)<\/a><br><a href=\"https:\/\/marcos-kitchen.ch\/wp-content\/uploads\/2024\/06\/Stelleninserat-Kurier.pdf\" target=\"_blank\" rel=\"noreferrer noopener\">Kurier<\/a><br><a href=\"https:\/\/marcos-kitchen.ch\/wp-content\/uploads\/2024\/06\/Stelleninserat-Reinigungsfachkraft.pdf\" target=\"_blank\" rel=\"noreferrer noopener\">Reinigungsfachkraft<\/a><\/p>\n\n\n\n<div style=\"height:10px\" aria-hidden=\"true\" class=\"wp-block-spacer\"><\/div>\n\n\n\n<hr class=\"wp-block-separator has-alpha-channel-opacity is-style-wide\"\/>\n\n\n\n<div style=\"height:10px\" aria-hidden=\"true\" class=\"wp-block-spacer\"><\/div>\n\n\n\n<p><strong>Den Marco`s Newsletter abonnieren<\/strong><\/p>\n\n\n\n<div class=\"dodeley_subscribe\" font-color: white>\n  <form class=\"dodeley_subscribe_form\" action=\"https:\/\/www.dodeley.com\" method=\"get\" target=\"_blank\">\n  <input type=\"hidden\" name=\"action\" value=\"subscribe\" \/>\n  <input type=\"hidden\" name=\"language\" value=\"de\" \/>\n  <input type=\"hidden\" name=\"polite_form\" value=\"0\" \/>\n  <input type=\"hidden\" name=\"rlh\" value=\"42df59af01e92da78b4b264baf972f8d\" \/>\n  <p><label for=\"email\" style=\"width: 110px; color:#ffffff; float: left;\">E-Mail<\/label><input type=\"text\" name=\"email\" value=\"\" size=\"20\" maxlength=\"150\" \/><\/p>\n  <p style=\"display: none; color:#ffffff;\"><label for=\"email2\" style=\"width: 110px; float: left;\">E-Mail<\/label><input type=\"text\" name=\"email2\" value=\"\" \/><\/p>\n  <p class=\"dodeley_subscribe_privacy\" style=\"color:#ffffff;\">Mit der Nutzung dieses Formulars erkl\u00e4rst du dich mit der Speicherung und Verarbeitung deiner Daten durch die Newsletter-Software <a href=\"https:\/\/www.dodeley.com\/impressum?language=de\" target=\"_blank\" rel=\"noopener\">dodeley<\/a> einverstanden.<\/p>\n  <p><input type=\"submit\" name=\"submitter\" value=\"Newsletter abonnieren\" \/><\/p>\n  <\/form>\n\n<\/div>\n","protected":false},"excerpt":{"rendered":"<p>Wir stehen f\u00fcr qualitativ hochwertige Gastronomie im Fricktal. Unsere motivierten Fahrerinnen und Fahrer liefern Ihnen Ihre Lieblingsspeise frisch und immer sch\u00f6n heiss direkt bis vor die Haust\u00fcr! Wann d\u00fcrfen wir Sie verw\u00f6hnen? Marco`s DeliveryHauptstrasse 265028 Ueken Tel: 062 871 48 21 Jetzt bestellen Crazy BunsHauptstrasse 265028 Ueken Tel: 062 871 48 21 Jetzt bestellen Pizza [&hellip;]<\/p>\n","protected":false},"author":1,"featured_media":0,"parent":0,"menu_order":0,"comment_status":"closed","ping_status":"closed","template":"","meta":{"footnotes":""},"class_list":["post-59","page","type-page","status-publish","hentry"],"yoast_head":"<!-- This site is optimized with the Yoast SEO plugin v27.0 - https:\/\/yoast.com\/product\/yoast-seo-wordpress\/ -->\n<title>Willkommen - Marco`s Kitchen<\/title>\n<meta name=\"robots\" content=\"index, follow, max-snippet:-1, max-image-preview:large, max-video-preview:-1\" \/>\n<link rel=\"canonical\" href=\"https:\/\/marcos-kitchen.ch\/\" \/>\n<meta property=\"og:locale\" content=\"de_DE\" \/>\n<meta property=\"og:type\" content=\"article\" \/>\n<meta property=\"og:title\" content=\"Willkommen - Marco`s Kitchen\" \/>\n<meta property=\"og:description\" content=\"Wir stehen f\u00fcr qualitativ hochwertige Gastronomie im Fricktal. Unsere motivierten Fahrerinnen und Fahrer liefern Ihnen Ihre Lieblingsspeise frisch und immer sch\u00f6n heiss direkt bis vor die Haust\u00fcr! Wann d\u00fcrfen wir Sie verw\u00f6hnen? Marco`s DeliveryHauptstrasse 265028 Ueken Tel: 062 871 48 21 Jetzt bestellen Crazy BunsHauptstrasse 265028 Ueken Tel: 062 871 48 21 Jetzt bestellen Pizza [&hellip;]\" \/>\n<meta property=\"og:url\" content=\"https:\/\/marcos-kitchen.ch\/\" \/>\n<meta property=\"og:site_name\" content=\"Marco`s Kitchen\" \/>\n<meta property=\"article:modified_time\" content=\"2025-08-14T10:46:38+00:00\" \/>\n<meta property=\"og:image\" content=\"https:\/\/marcos-kitchen.ch\/wp-content\/uploads\/2024\/06\/Burger-with-fries-1024x536.png\" \/>\n<meta name=\"twitter:card\" content=\"summary_large_image\" \/>\n<meta name=\"twitter:label1\" content=\"Gesch\u00e4tzte Lesezeit\" \/>\n\t<meta name=\"twitter:data1\" content=\"2\u00a0Minuten\" \/>\n<script type=\"application\/ld+json\" class=\"yoast-schema-graph\">{\"@context\":\"https:\/\/schema.org\",\"@graph\":[{\"@type\":\"WebPage\",\"@id\":\"https:\/\/marcos-kitchen.ch\/\",\"url\":\"https:\/\/marcos-kitchen.ch\/\",\"name\":\"Willkommen - Marco`s Kitchen\",\"isPartOf\":{\"@id\":\"https:\/\/marcos-kitchen.ch\/#website\"},\"primaryImageOfPage\":{\"@id\":\"https:\/\/marcos-kitchen.ch\/#primaryimage\"},\"image\":{\"@id\":\"https:\/\/marcos-kitchen.ch\/#primaryimage\"},\"thumbnailUrl\":\"https:\/\/marcos-kitchen.ch\/wp-content\/uploads\/2024\/06\/Burger-with-fries-1024x536.png\",\"datePublished\":\"2024-06-10T19:34:32+00:00\",\"dateModified\":\"2025-08-14T10:46:38+00:00\",\"breadcrumb\":{\"@id\":\"https:\/\/marcos-kitchen.ch\/#breadcrumb\"},\"inLanguage\":\"de-CH\",\"potentialAction\":[{\"@type\":\"ReadAction\",\"target\":[\"https:\/\/marcos-kitchen.ch\/\"]}]},{\"@type\":\"ImageObject\",\"inLanguage\":\"de-CH\",\"@id\":\"https:\/\/marcos-kitchen.ch\/#primaryimage\",\"url\":\"https:\/\/marcos-kitchen.ch\/wp-content\/uploads\/2024\/06\/Burger-with-fries.png\",\"contentUrl\":\"https:\/\/marcos-kitchen.ch\/wp-content\/uploads\/2024\/06\/Burger-with-fries.png\",\"width\":1200,\"height\":628},{\"@type\":\"BreadcrumbList\",\"@id\":\"https:\/\/marcos-kitchen.ch\/#breadcrumb\",\"itemListElement\":[{\"@type\":\"ListItem\",\"position\":1,\"name\":\"Startseite\",\"item\":\"https:\/\/marcos-kitchen.ch\/\"},{\"@type\":\"ListItem\",\"position\":2,\"name\":\"Willkommen\"}]},{\"@type\":\"WebSite\",\"@id\":\"https:\/\/marcos-kitchen.ch\/#website\",\"url\":\"https:\/\/marcos-kitchen.ch\/\",\"name\":\"Marco`s Kitchen\",\"description\":\"\",\"publisher\":{\"@id\":\"https:\/\/marcos-kitchen.ch\/#organization\"},\"potentialAction\":[{\"@type\":\"SearchAction\",\"target\":{\"@type\":\"EntryPoint\",\"urlTemplate\":\"https:\/\/marcos-kitchen.ch\/?s={search_term_string}\"},\"query-input\":{\"@type\":\"PropertyValueSpecification\",\"valueRequired\":true,\"valueName\":\"search_term_string\"}}],\"inLanguage\":\"de-CH\"},{\"@type\":\"Organization\",\"@id\":\"https:\/\/marcos-kitchen.ch\/#organization\",\"name\":\"Marco`s Kitchen\",\"url\":\"https:\/\/marcos-kitchen.ch\/\",\"logo\":{\"@type\":\"ImageObject\",\"inLanguage\":\"de-CH\",\"@id\":\"https:\/\/marcos-kitchen.ch\/#\/schema\/logo\/image\/\",\"url\":\"https:\/\/marcos-kitchen.ch\/wp-content\/uploads\/2024\/06\/2024-Marcos-Kitchen-Web.png\",\"contentUrl\":\"https:\/\/marcos-kitchen.ch\/wp-content\/uploads\/2024\/06\/2024-Marcos-Kitchen-Web.png\",\"width\":599,\"height\":277,\"caption\":\"Marco`s Kitchen\"},\"image\":{\"@id\":\"https:\/\/marcos-kitchen.ch\/#\/schema\/logo\/image\/\"}}]}<\/script>\n<!-- \/ Yoast SEO plugin. -->","yoast_head_json":{"title":"Willkommen - Marco`s Kitchen","robots":{"index":"index","follow":"follow","max-snippet":"max-snippet:-1","max-image-preview":"max-image-preview:large","max-video-preview":"max-video-preview:-1"},"canonical":"https:\/\/marcos-kitchen.ch\/","og_locale":"de_DE","og_type":"article","og_title":"Willkommen - Marco`s Kitchen","og_description":"Wir stehen f\u00fcr qualitativ hochwertige Gastronomie im Fricktal. Unsere motivierten Fahrerinnen und Fahrer liefern Ihnen Ihre Lieblingsspeise frisch und immer sch\u00f6n heiss direkt bis vor die Haust\u00fcr! Wann d\u00fcrfen wir Sie verw\u00f6hnen? Marco`s DeliveryHauptstrasse 265028 Ueken Tel: 062 871 48 21 Jetzt bestellen Crazy BunsHauptstrasse 265028 Ueken Tel: 062 871 48 21 Jetzt bestellen Pizza [&hellip;]","og_url":"https:\/\/marcos-kitchen.ch\/","og_site_name":"Marco`s Kitchen","article_modified_time":"2025-08-14T10:46:38+00:00","og_image":[{"url":"https:\/\/marcos-kitchen.ch\/wp-content\/uploads\/2024\/06\/Burger-with-fries-1024x536.png","type":"","width":"","height":""}],"twitter_card":"summary_large_image","twitter_misc":{"Gesch\u00e4tzte Lesezeit":"2\u00a0Minuten"},"schema":{"@context":"https:\/\/schema.org","@graph":[{"@type":"WebPage","@id":"https:\/\/marcos-kitchen.ch\/","url":"https:\/\/marcos-kitchen.ch\/","name":"Willkommen - Marco`s Kitchen","isPartOf":{"@id":"https:\/\/marcos-kitchen.ch\/#website"},"primaryImageOfPage":{"@id":"https:\/\/marcos-kitchen.ch\/#primaryimage"},"image":{"@id":"https:\/\/marcos-kitchen.ch\/#primaryimage"},"thumbnailUrl":"https:\/\/marcos-kitchen.ch\/wp-content\/uploads\/2024\/06\/Burger-with-fries-1024x536.png","datePublished":"2024-06-10T19:34:32+00:00","dateModified":"2025-08-14T10:46:38+00:00","breadcrumb":{"@id":"https:\/\/marcos-kitchen.ch\/#breadcrumb"},"inLanguage":"de-CH","potentialAction":[{"@type":"ReadAction","target":["https:\/\/marcos-kitchen.ch\/"]}]},{"@type":"ImageObject","inLanguage":"de-CH","@id":"https:\/\/marcos-kitchen.ch\/#primaryimage","url":"https:\/\/marcos-kitchen.ch\/wp-content\/uploads\/2024\/06\/Burger-with-fries.png","contentUrl":"https:\/\/marcos-kitchen.ch\/wp-content\/uploads\/2024\/06\/Burger-with-fries.png","width":1200,"height":628},{"@type":"BreadcrumbList","@id":"https:\/\/marcos-kitchen.ch\/#breadcrumb","itemListElement":[{"@type":"ListItem","position":1,"name":"Startseite","item":"https:\/\/marcos-kitchen.ch\/"},{"@type":"ListItem","position":2,"name":"Willkommen"}]},{"@type":"WebSite","@id":"https:\/\/marcos-kitchen.ch\/#website","url":"https:\/\/marcos-kitchen.ch\/","name":"Marco`s Kitchen","description":"","publisher":{"@id":"https:\/\/marcos-kitchen.ch\/#organization"},"potentialAction":[{"@type":"SearchAction","target":{"@type":"EntryPoint","urlTemplate":"https:\/\/marcos-kitchen.ch\/?s={search_term_string}"},"query-input":{"@type":"PropertyValueSpecification","valueRequired":true,"valueName":"search_term_string"}}],"inLanguage":"de-CH"},{"@type":"Organization","@id":"https:\/\/marcos-kitchen.ch\/#organization","name":"Marco`s Kitchen","url":"https:\/\/marcos-kitchen.ch\/","logo":{"@type":"ImageObject","inLanguage":"de-CH","@id":"https:\/\/marcos-kitchen.ch\/#\/schema\/logo\/image\/","url":"https:\/\/marcos-kitchen.ch\/wp-content\/uploads\/2024\/06\/2024-Marcos-Kitchen-Web.png","contentUrl":"https:\/\/marcos-kitchen.ch\/wp-content\/uploads\/2024\/06\/2024-Marcos-Kitchen-Web.png","width":599,"height":277,"caption":"Marco`s Kitchen"},"image":{"@id":"https:\/\/marcos-kitchen.ch\/#\/schema\/logo\/image\/"}}]}},"_links":{"self":[{"href":"https:\/\/marcos-kitchen.ch\/index.php\/wp-json\/wp\/v2\/pages\/59","targetHints":{"allow":["GET"]}}],"collection":[{"href":"https:\/\/marcos-kitchen.ch\/index.php\/wp-json\/wp\/v2\/pages"}],"about":[{"href":"https:\/\/marcos-kitchen.ch\/index.php\/wp-json\/wp\/v2\/types\/page"}],"author":[{"embeddable":true,"href":"https:\/\/marcos-kitchen.ch\/index.php\/wp-json\/wp\/v2\/users\/1"}],"replies":[{"embeddable":true,"href":"https:\/\/marcos-kitchen.ch\/index.php\/wp-json\/wp\/v2\/comments?post=59"}],"version-history":[{"count":29,"href":"https:\/\/marcos-kitchen.ch\/index.php\/wp-json\/wp\/v2\/pages\/59\/revisions"}],"predecessor-version":[{"id":139,"href":"https:\/\/marcos-kitchen.ch\/index.php\/wp-json\/wp\/v2\/pages\/59\/revisions\/139"}],"wp:attachment":[{"href":"https:\/\/marcos-kitchen.ch\/index.php\/wp-json\/wp\/v2\/media?parent=59"}],"curies":[{"name":"wp","href":"https:\/\/api.w.org\/{rel}","templated":true}]}}