{"id":124,"date":"2024-06-11T18:07:31","date_gmt":"2024-06-11T18:07:31","guid":{"rendered":"https:\/\/marcos-kitchen.ch\/?page_id=124"},"modified":"2024-06-11T18:07:32","modified_gmt":"2024-06-11T18:07:32","slug":"franchise","status":"publish","type":"page","link":"https:\/\/marcos-kitchen.ch\/index.php\/franchise\/","title":{"rendered":"Franchise"},"content":{"rendered":"\n<p>Wir erm\u00f6glichen Restaurants durch ein innovatives Konzept, zus\u00e4tzliche Eink\u00fcnfte zu generieren, ohne dass hohe Investitionen n\u00f6tig sind. Neben ihrem bestehenden Betrieb k\u00f6nnen sie so neue Kundengruppen ansprechen und ihre vorhandenen Kapazit\u00e4ten effizienter nutzen.<\/p>\n\n\n\n<p>Werden Sie Teil unseres Food-Konzept Netzwerks<\/p>\n\n\n\n<p>Nie mehr eine kalte K\u00fcche!<\/p>\n\n\n\n<p>Bei Fragen oder Interesse stehen wir Ihnen jederzeit gerne zur Verf\u00fcgung.<br><a href=\"mailto:info@marcos-kitchen.ch\">info@marcos-kitchen.ch<\/a> | <a href=\"tel:+41628714821\">062 871 48 21<\/a><\/p>\n","protected":false},"excerpt":{"rendered":"<p>Wir erm\u00f6glichen Restaurants durch ein innovatives Konzept, zus\u00e4tzliche Eink\u00fcnfte zu generieren, ohne dass hohe Investitionen n\u00f6tig sind. Neben ihrem bestehenden Betrieb k\u00f6nnen sie so neue Kundengruppen ansprechen und ihre vorhandenen Kapazit\u00e4ten effizienter nutzen. Werden Sie Teil unseres Food-Konzept Netzwerks Nie mehr eine kalte K\u00fcche! Bei Fragen oder Interesse stehen wir Ihnen jederzeit gerne zur Verf\u00fcgung.info@marcos-kitchen.ch [&hellip;]<\/p>\n","protected":false},"author":1,"featured_media":0,"parent":0,"menu_order":0,"comment_status":"closed","ping_status":"closed","template":"","meta":{"footnotes":""},"class_list":["post-124","page","type-page","status-publish","hentry"],"yoast_head":"<!-- This site is optimized with the Yoast SEO plugin v27.0 - https:\/\/yoast.com\/product\/yoast-seo-wordpress\/ -->\n<title>Franchise - Marco`s Kitchen<\/title>\n<meta name=\"robots\" content=\"index, follow, max-snippet:-1, max-image-preview:large, max-video-preview:-1\" \/>\n<link rel=\"canonical\" href=\"https:\/\/marcos-kitchen.ch\/index.php\/franchise\/\" \/>\n<meta property=\"og:locale\" content=\"de_DE\" \/>\n<meta property=\"og:type\" content=\"article\" \/>\n<meta property=\"og:title\" content=\"Franchise - Marco`s Kitchen\" \/>\n<meta property=\"og:description\" content=\"Wir erm\u00f6glichen Restaurants durch ein innovatives Konzept, zus\u00e4tzliche Eink\u00fcnfte zu generieren, ohne dass hohe Investitionen n\u00f6tig sind. Neben ihrem bestehenden Betrieb k\u00f6nnen sie so neue Kundengruppen ansprechen und ihre vorhandenen Kapazit\u00e4ten effizienter nutzen. Werden Sie Teil unseres Food-Konzept Netzwerks Nie mehr eine kalte K\u00fcche! Bei Fragen oder Interesse stehen wir Ihnen jederzeit gerne zur Verf\u00fcgung.info@marcos-kitchen.ch [&hellip;]\" \/>\n<meta property=\"og:url\" content=\"https:\/\/marcos-kitchen.ch\/index.php\/franchise\/\" \/>\n<meta property=\"og:site_name\" content=\"Marco`s Kitchen\" \/>\n<meta property=\"article:modified_time\" content=\"2024-06-11T18:07:32+00:00\" \/>\n<meta name=\"twitter:card\" content=\"summary_large_image\" \/>\n<meta name=\"twitter:label1\" content=\"Gesch\u00e4tzte Lesezeit\" \/>\n\t<meta name=\"twitter:data1\" content=\"1\u00a0Minute\" \/>\n<script type=\"application\/ld+json\" class=\"yoast-schema-graph\">{\"@context\":\"https:\/\/schema.org\",\"@graph\":[{\"@type\":\"WebPage\",\"@id\":\"https:\/\/marcos-kitchen.ch\/index.php\/franchise\/\",\"url\":\"https:\/\/marcos-kitchen.ch\/index.php\/franchise\/\",\"name\":\"Franchise - Marco`s Kitchen\",\"isPartOf\":{\"@id\":\"https:\/\/marcos-kitchen.ch\/#website\"},\"datePublished\":\"2024-06-11T18:07:31+00:00\",\"dateModified\":\"2024-06-11T18:07:32+00:00\",\"breadcrumb\":{\"@id\":\"https:\/\/marcos-kitchen.ch\/index.php\/franchise\/#breadcrumb\"},\"inLanguage\":\"de-CH\",\"potentialAction\":[{\"@type\":\"ReadAction\",\"target\":[\"https:\/\/marcos-kitchen.ch\/index.php\/franchise\/\"]}]},{\"@type\":\"BreadcrumbList\",\"@id\":\"https:\/\/marcos-kitchen.ch\/index.php\/franchise\/#breadcrumb\",\"itemListElement\":[{\"@type\":\"ListItem\",\"position\":1,\"name\":\"Startseite\",\"item\":\"https:\/\/marcos-kitchen.ch\/\"},{\"@type\":\"ListItem\",\"position\":2,\"name\":\"Franchise\"}]},{\"@type\":\"WebSite\",\"@id\":\"https:\/\/marcos-kitchen.ch\/#website\",\"url\":\"https:\/\/marcos-kitchen.ch\/\",\"name\":\"Marco`s Kitchen\",\"description\":\"\",\"publisher\":{\"@id\":\"https:\/\/marcos-kitchen.ch\/#organization\"},\"potentialAction\":[{\"@type\":\"SearchAction\",\"target\":{\"@type\":\"EntryPoint\",\"urlTemplate\":\"https:\/\/marcos-kitchen.ch\/?s={search_term_string}\"},\"query-input\":{\"@type\":\"PropertyValueSpecification\",\"valueRequired\":true,\"valueName\":\"search_term_string\"}}],\"inLanguage\":\"de-CH\"},{\"@type\":\"Organization\",\"@id\":\"https:\/\/marcos-kitchen.ch\/#organization\",\"name\":\"Marco`s Kitchen\",\"url\":\"https:\/\/marcos-kitchen.ch\/\",\"logo\":{\"@type\":\"ImageObject\",\"inLanguage\":\"de-CH\",\"@id\":\"https:\/\/marcos-kitchen.ch\/#\/schema\/logo\/image\/\",\"url\":\"https:\/\/marcos-kitchen.ch\/wp-content\/uploads\/2024\/06\/2024-Marcos-Kitchen-Web.png\",\"contentUrl\":\"https:\/\/marcos-kitchen.ch\/wp-content\/uploads\/2024\/06\/2024-Marcos-Kitchen-Web.png\",\"width\":599,\"height\":277,\"caption\":\"Marco`s Kitchen\"},\"image\":{\"@id\":\"https:\/\/marcos-kitchen.ch\/#\/schema\/logo\/image\/\"}}]}<\/script>\n<!-- \/ Yoast SEO plugin. -->","yoast_head_json":{"title":"Franchise - Marco`s Kitchen","robots":{"index":"index","follow":"follow","max-snippet":"max-snippet:-1","max-image-preview":"max-image-preview:large","max-video-preview":"max-video-preview:-1"},"canonical":"https:\/\/marcos-kitchen.ch\/index.php\/franchise\/","og_locale":"de_DE","og_type":"article","og_title":"Franchise - Marco`s Kitchen","og_description":"Wir erm\u00f6glichen Restaurants durch ein innovatives Konzept, zus\u00e4tzliche Eink\u00fcnfte zu generieren, ohne dass hohe Investitionen n\u00f6tig sind. Neben ihrem bestehenden Betrieb k\u00f6nnen sie so neue Kundengruppen ansprechen und ihre vorhandenen Kapazit\u00e4ten effizienter nutzen. Werden Sie Teil unseres Food-Konzept Netzwerks Nie mehr eine kalte K\u00fcche! Bei Fragen oder Interesse stehen wir Ihnen jederzeit gerne zur Verf\u00fcgung.info@marcos-kitchen.ch [&hellip;]","og_url":"https:\/\/marcos-kitchen.ch\/index.php\/franchise\/","og_site_name":"Marco`s Kitchen","article_modified_time":"2024-06-11T18:07:32+00:00","twitter_card":"summary_large_image","twitter_misc":{"Gesch\u00e4tzte Lesezeit":"1\u00a0Minute"},"schema":{"@context":"https:\/\/schema.org","@graph":[{"@type":"WebPage","@id":"https:\/\/marcos-kitchen.ch\/index.php\/franchise\/","url":"https:\/\/marcos-kitchen.ch\/index.php\/franchise\/","name":"Franchise - Marco`s Kitchen","isPartOf":{"@id":"https:\/\/marcos-kitchen.ch\/#website"},"datePublished":"2024-06-11T18:07:31+00:00","dateModified":"2024-06-11T18:07:32+00:00","breadcrumb":{"@id":"https:\/\/marcos-kitchen.ch\/index.php\/franchise\/#breadcrumb"},"inLanguage":"de-CH","potentialAction":[{"@type":"ReadAction","target":["https:\/\/marcos-kitchen.ch\/index.php\/franchise\/"]}]},{"@type":"BreadcrumbList","@id":"https:\/\/marcos-kitchen.ch\/index.php\/franchise\/#breadcrumb","itemListElement":[{"@type":"ListItem","position":1,"name":"Startseite","item":"https:\/\/marcos-kitchen.ch\/"},{"@type":"ListItem","position":2,"name":"Franchise"}]},{"@type":"WebSite","@id":"https:\/\/marcos-kitchen.ch\/#website","url":"https:\/\/marcos-kitchen.ch\/","name":"Marco`s Kitchen","description":"","publisher":{"@id":"https:\/\/marcos-kitchen.ch\/#organization"},"potentialAction":[{"@type":"SearchAction","target":{"@type":"EntryPoint","urlTemplate":"https:\/\/marcos-kitchen.ch\/?s={search_term_string}"},"query-input":{"@type":"PropertyValueSpecification","valueRequired":true,"valueName":"search_term_string"}}],"inLanguage":"de-CH"},{"@type":"Organization","@id":"https:\/\/marcos-kitchen.ch\/#organization","name":"Marco`s Kitchen","url":"https:\/\/marcos-kitchen.ch\/","logo":{"@type":"ImageObject","inLanguage":"de-CH","@id":"https:\/\/marcos-kitchen.ch\/#\/schema\/logo\/image\/","url":"https:\/\/marcos-kitchen.ch\/wp-content\/uploads\/2024\/06\/2024-Marcos-Kitchen-Web.png","contentUrl":"https:\/\/marcos-kitchen.ch\/wp-content\/uploads\/2024\/06\/2024-Marcos-Kitchen-Web.png","width":599,"height":277,"caption":"Marco`s Kitchen"},"image":{"@id":"https:\/\/marcos-kitchen.ch\/#\/schema\/logo\/image\/"}}]}},"_links":{"self":[{"href":"https:\/\/marcos-kitchen.ch\/index.php\/wp-json\/wp\/v2\/pages\/124","targetHints":{"allow":["GET"]}}],"collection":[{"href":"https:\/\/marcos-kitchen.ch\/index.php\/wp-json\/wp\/v2\/pages"}],"about":[{"href":"https:\/\/marcos-kitchen.ch\/index.php\/wp-json\/wp\/v2\/types\/page"}],"author":[{"embeddable":true,"href":"https:\/\/marcos-kitchen.ch\/index.php\/wp-json\/wp\/v2\/users\/1"}],"replies":[{"embeddable":true,"href":"https:\/\/marcos-kitchen.ch\/index.php\/wp-json\/wp\/v2\/comments?post=124"}],"version-history":[{"count":1,"href":"https:\/\/marcos-kitchen.ch\/index.php\/wp-json\/wp\/v2\/pages\/124\/revisions"}],"predecessor-version":[{"id":125,"href":"https:\/\/marcos-kitchen.ch\/index.php\/wp-json\/wp\/v2\/pages\/124\/revisions\/125"}],"wp:attachment":[{"href":"https:\/\/marcos-kitchen.ch\/index.php\/wp-json\/wp\/v2\/media?parent=124"}],"curies":[{"name":"wp","href":"https:\/\/api.w.org\/{rel}","templated":true}]}}